{"id":54,"date":"2020-05-10T09:42:04","date_gmt":"2020-05-10T09:42:04","guid":{"rendered":"https:\/\/kloensnap-fotobox.de\/?page_id=54"},"modified":"2021-02-28T20:38:51","modified_gmt":"2021-02-28T20:38:51","slug":"ueber-mich","status":"publish","type":"page","link":"https:\/\/kloensnap-fotobox.de\/platt\/ueber-mich\/","title":{"rendered":"\u00d6ver mi"},"content":{"rendered":"<div data-elementor-type=\"wp-page\" data-elementor-id=\"54\" class=\"elementor elementor-54\">\n\t\t\t\t\t\t<section class=\"elementor-section elementor-top-section elementor-element elementor-element-3dfa096 elementor-section-boxed elementor-section-height-default elementor-section-height-default\" data-id=\"3dfa096\" data-element_type=\"section\" data-e-type=\"section\" data-settings=\"{&quot;background_background&quot;:&quot;classic&quot;}\">\n\t\t\t\t\t\t<div class=\"elementor-container elementor-column-gap-default\">\n\t\t\t\t\t<div class=\"elementor-column elementor-col-100 elementor-top-column elementor-element elementor-element-ea30239\" data-id=\"ea30239\" data-element_type=\"column\" data-e-type=\"column\">\n\t\t\t<div class=\"elementor-widget-wrap elementor-element-populated\">\n\t\t\t\t\t\t<div class=\"elementor-element elementor-element-c98e003 elementor-widget elementor-widget-heading\" data-id=\"c98e003\" data-element_type=\"widget\" data-e-type=\"widget\" data-settings=\"{&quot;_animation&quot;:&quot;none&quot;}\" data-widget_type=\"heading.default\">\n\t\t\t\t<div class=\"elementor-widget-container\">\n\t\t\t\t\t<h2 class=\"elementor-heading-title elementor-size-xxl\">\u00d6ver mi.<\/h2>\t\t\t\t<\/div>\n\t\t\t\t<\/div>\n\t\t\t\t\t<\/div>\n\t\t<\/div>\n\t\t\t\t\t<\/div>\n\t\t<\/section>\n\t\t\t\t<section class=\"elementor-section elementor-top-section elementor-element elementor-element-cd64344 elementor-section-boxed elementor-section-height-default elementor-section-height-default\" data-id=\"cd64344\" data-element_type=\"section\" data-e-type=\"section\" data-settings=\"{&quot;background_background&quot;:&quot;classic&quot;}\">\n\t\t\t\t\t\t<div class=\"elementor-container elementor-column-gap-default\">\n\t\t\t\t\t<div class=\"elementor-column elementor-col-33 elementor-top-column elementor-element elementor-element-8bb537c\" data-id=\"8bb537c\" data-element_type=\"column\" data-e-type=\"column\">\n\t\t\t<div class=\"elementor-widget-wrap elementor-element-populated\">\n\t\t\t\t\t\t<div class=\"elementor-element elementor-element-a411b18 elementor-widget elementor-widget-image\" data-id=\"a411b18\" data-element_type=\"widget\" data-e-type=\"widget\" data-widget_type=\"image.default\">\n\t\t\t\t<div class=\"elementor-widget-container\">\n\t\t\t\t\t\t\t\t\t\t\t\t\t\t\t<img fetchpriority=\"high\" decoding=\"async\" width=\"683\" height=\"1024\" src=\"https:\/\/kloensnap-fotobox.de\/wp-content\/uploads\/2020\/05\/IMG_5700_Cutout-683x1024.png\" class=\"attachment-large size-large wp-image-185\" alt=\"\" srcset=\"https:\/\/kloensnap-fotobox.de\/wp-content\/uploads\/2020\/05\/IMG_5700_Cutout-683x1024.png 683w, https:\/\/kloensnap-fotobox.de\/wp-content\/uploads\/2020\/05\/IMG_5700_Cutout-200x300.png 200w, https:\/\/kloensnap-fotobox.de\/wp-content\/uploads\/2020\/05\/IMG_5700_Cutout-768x1152.png 768w, https:\/\/kloensnap-fotobox.de\/wp-content\/uploads\/2020\/05\/IMG_5700_Cutout-1024x1536.png 1024w, https:\/\/kloensnap-fotobox.de\/wp-content\/uploads\/2020\/05\/IMG_5700_Cutout-1365x2048.png 1365w\" sizes=\"(max-width: 683px) 100vw, 683px\" \/>\t\t\t\t\t\t\t\t\t\t\t\t\t\t\t<\/div>\n\t\t\t\t<\/div>\n\t\t\t\t\t<\/div>\n\t\t<\/div>\n\t\t\t\t<div class=\"elementor-column elementor-col-66 elementor-top-column elementor-element elementor-element-ead4315\" data-id=\"ead4315\" data-element_type=\"column\" data-e-type=\"column\">\n\t\t\t<div class=\"elementor-widget-wrap elementor-element-populated\">\n\t\t\t\t\t\t<div class=\"elementor-element elementor-element-8f763f7 elementor-widget elementor-widget-text-editor\" data-id=\"8f763f7\" data-element_type=\"widget\" data-e-type=\"widget\" data-widget_type=\"text-editor.default\">\n\t\t\t\t<div class=\"elementor-widget-container\">\n\t\t\t\t\t\t\t\t\t<p>Moin. Ich bin Henning, 23 und komme aus dem Bremerhavener Umland, wohne aber in Bremen. W\u00e4hrend meiner freien Zeit besch\u00e4ftige ich mich gerne bei unterschiedlichsten Bastelprojekten mit Elektronik und Holz.&nbsp;<\/p>\n<p><span style=\"font-size: 23px;\">An d' Wekenenn gah ik geern mol up'n Swutsch un da hev ik sehn, dat de meesten Fotoboxen recht hardfuchtig utkieken. Dat is f\u00f6r mi nich dat richtige f\u00f6r ne feine Fier. Daarher heff ik nadocht wi man dat schick maken kunn un heff anfung.&nbsp;<\/span><\/p>\n<p>Dat Utsehn kunnst as ut de 50er un 60er beschrieven. Dat passt nun good to mien 53er Nordmende Radio ok wenn ik dat nich ganz wullt heff. Aver ik b\u00fcn tofree daarmit un hope dat ji dat ok leeden magt.<\/p>\n<p>So. Genoog seggt.&nbsp;<\/p>\t\t\t\t\t\t\t\t<\/div>\n\t\t\t\t<\/div>\n\t\t\t\t\t<\/div>\n\t\t<\/div>\n\t\t\t\t\t<\/div>\n\t\t<\/section>\n\t\t\t\t<\/div>","protected":false},"excerpt":{"rendered":"<p>\u00dcber mich. Moin. Ich bin Henning, 23 und komme aus dem Bremerhavener Umland, wohne aber in Bremen. W\u00e4hrend meiner freien Zeit besch\u00e4ftige ich mich gerne bei unterschiedlichsten Bastelprojekten mit Elektronik und Holz.&nbsp; Am Wochenende gehe ich auch gern mal up&#8217;n Swutsch und so habe ich bei einigen Feiern festgestellt, dass beim Bau der dortigen Fotoboxen [&hellip;]<\/p>\n","protected":false},"author":1,"featured_media":0,"parent":0,"menu_order":0,"comment_status":"closed","ping_status":"closed","template":"","meta":{"ocean_post_layout":"full-screen","ocean_both_sidebars_style":"","ocean_both_sidebars_content_width":0,"ocean_both_sidebars_sidebars_width":0,"ocean_sidebar":"0","ocean_second_sidebar":"0","ocean_disable_margins":"enable","ocean_add_body_class":"","ocean_shortcode_before_top_bar":"","ocean_shortcode_after_top_bar":"","ocean_shortcode_before_header":"","ocean_shortcode_after_header":"","ocean_has_shortcode":"","ocean_shortcode_after_title":"","ocean_shortcode_before_footer_widgets":"","ocean_shortcode_after_footer_widgets":"","ocean_shortcode_before_footer_bottom":"","ocean_shortcode_after_footer_bottom":"","ocean_display_top_bar":"off","ocean_display_header":"default","ocean_header_style":"","ocean_center_header_left_menu":"0","ocean_custom_header_template":"0","ocean_custom_logo":0,"ocean_custom_retina_logo":0,"ocean_custom_logo_max_width":0,"ocean_custom_logo_tablet_max_width":0,"ocean_custom_logo_mobile_max_width":0,"ocean_custom_logo_max_height":0,"ocean_custom_logo_tablet_max_height":0,"ocean_custom_logo_mobile_max_height":0,"ocean_header_custom_menu":"0","ocean_menu_typo_font_family":"0","ocean_menu_typo_font_subset":"","ocean_menu_typo_font_size":0,"ocean_menu_typo_font_size_tablet":0,"ocean_menu_typo_font_size_mobile":0,"ocean_menu_typo_font_size_unit":"px","ocean_menu_typo_font_weight":"","ocean_menu_typo_font_weight_tablet":"","ocean_menu_typo_font_weight_mobile":"","ocean_menu_typo_transform":"","ocean_menu_typo_transform_tablet":"","ocean_menu_typo_transform_mobile":"","ocean_menu_typo_line_height":0,"ocean_menu_typo_line_height_tablet":0,"ocean_menu_typo_line_height_mobile":0,"ocean_menu_typo_line_height_unit":"","ocean_menu_typo_spacing":0,"ocean_menu_typo_spacing_tablet":0,"ocean_menu_typo_spacing_mobile":0,"ocean_menu_typo_spacing_unit":"","ocean_menu_link_color":"","ocean_menu_link_color_hover":"","ocean_menu_link_color_active":"","ocean_menu_link_background":"","ocean_menu_link_hover_background":"","ocean_menu_link_active_background":"","ocean_menu_social_links_bg":"","ocean_menu_social_hover_links_bg":"","ocean_menu_social_links_color":"","ocean_menu_social_hover_links_color":"","ocean_disable_title":"on","ocean_disable_heading":"default","ocean_post_title":"","ocean_post_subheading":"","ocean_post_title_style":"","ocean_post_title_background_color":"","ocean_post_title_background":0,"ocean_post_title_bg_image_position":"","ocean_post_title_bg_image_attachment":"","ocean_post_title_bg_image_repeat":"","ocean_post_title_bg_image_size":"","ocean_post_title_height":0,"ocean_post_title_bg_overlay":0.5,"ocean_post_title_bg_overlay_color":"","ocean_disable_breadcrumbs":"default","ocean_breadcrumbs_color":"","ocean_breadcrumbs_separator_color":"","ocean_breadcrumbs_links_color":"","ocean_breadcrumbs_links_hover_color":"","ocean_display_footer_widgets":"default","ocean_display_footer_bottom":"default","ocean_custom_footer_template":"0","footnotes":""},"class_list":["post-54","page","type-page","status-publish","hentry","entry"],"_links":{"self":[{"href":"https:\/\/kloensnap-fotobox.de\/platt\/wp-json\/wp\/v2\/pages\/54","targetHints":{"allow":["GET"]}}],"collection":[{"href":"https:\/\/kloensnap-fotobox.de\/platt\/wp-json\/wp\/v2\/pages"}],"about":[{"href":"https:\/\/kloensnap-fotobox.de\/platt\/wp-json\/wp\/v2\/types\/page"}],"author":[{"embeddable":true,"href":"https:\/\/kloensnap-fotobox.de\/platt\/wp-json\/wp\/v2\/users\/1"}],"replies":[{"embeddable":true,"href":"https:\/\/kloensnap-fotobox.de\/platt\/wp-json\/wp\/v2\/comments?post=54"}],"version-history":[{"count":42,"href":"https:\/\/kloensnap-fotobox.de\/platt\/wp-json\/wp\/v2\/pages\/54\/revisions"}],"predecessor-version":[{"id":473,"href":"https:\/\/kloensnap-fotobox.de\/platt\/wp-json\/wp\/v2\/pages\/54\/revisions\/473"}],"wp:attachment":[{"href":"https:\/\/kloensnap-fotobox.de\/platt\/wp-json\/wp\/v2\/media?parent=54"}],"curies":[{"name":"wp","href":"https:\/\/api.w.org\/{rel}","templated":true}]}}